{"id":26971,"date":"2021-07-08T11:57:52","date_gmt":"2021-07-08T09:57:52","guid":{"rendered":"https:\/\/startupport.eu\/imprint\/"},"modified":"2025-07-04T07:41:23","modified_gmt":"2025-07-04T05:41:23","slug":"imprint","status":"publish","type":"page","link":"https:\/\/startupport.de\/en\/imprint\/","title":{"rendered":"Imprint"},"content":{"rendered":"\t\t<div data-elementor-type=\"wp-page\" data-elementor-id=\"26971\" class=\"elementor elementor-26971 elementor-649\" data-elementor-post-type=\"page\">\n\t\t\t\t\t\t<section class=\"elementor-section elementor-top-section elementor-element elementor-element-933da44 elementor-section-boxed elementor-section-height-default elementor-section-height-default\" data-id=\"933da44\" data-element_type=\"section\" data-e-type=\"section\" data-settings=\"{&quot;background_background&quot;:&quot;classic&quot;}\">\n\t\t\t\t\t\t<div class=\"elementor-container elementor-column-gap-default\">\n\t\t\t\t\t<div class=\"elementor-column elementor-col-100 elementor-top-column elementor-element elementor-element-44e6fcc\" data-id=\"44e6fcc\" data-element_type=\"column\" data-e-type=\"column\">\n\t\t\t<div class=\"elementor-widget-wrap elementor-element-populated\">\n\t\t\t\t\t\t<div class=\"elementor-element elementor-element-14006df elementor-widget elementor-widget-spacer\" data-id=\"14006df\" data-element_type=\"widget\" data-e-type=\"widget\" data-widget_type=\"spacer.default\">\n\t\t\t\t<div class=\"elementor-widget-container\">\n\t\t\t\t\t\t\t<div class=\"elementor-spacer\">\n\t\t\t<div class=\"elementor-spacer-inner\"><\/div>\n\t\t<\/div>\n\t\t\t\t\t\t<\/div>\n\t\t\t\t<\/div>\n\t\t\t\t\t<\/div>\n\t\t<\/div>\n\t\t\t\t\t<\/div>\n\t\t<\/section>\n\t\t\t\t<section class=\"elementor-section elementor-top-section elementor-element elementor-element-17de4a8 elementor-section-stretched elementor-section-boxed elementor-section-height-default elementor-section-height-default\" data-id=\"17de4a8\" data-element_type=\"section\" data-e-type=\"section\" data-settings=\"{&quot;background_background&quot;:&quot;classic&quot;,&quot;stretch_section&quot;:&quot;section-stretched&quot;}\">\n\t\t\t\t\t\t\t<div class=\"elementor-background-overlay\"><\/div>\n\t\t\t\t\t\t\t<div class=\"elementor-container elementor-column-gap-default\">\n\t\t\t\t\t<div class=\"elementor-column elementor-col-50 elementor-top-column elementor-element elementor-element-39805fd\" data-id=\"39805fd\" data-element_type=\"column\" data-e-type=\"column\">\n\t\t\t<div class=\"elementor-widget-wrap elementor-element-populated\">\n\t\t\t\t\t\t<div class=\"elementor-element elementor-element-69e9aed elementor-widget elementor-widget-text-editor\" data-id=\"69e9aed\" data-element_type=\"widget\" data-e-type=\"widget\" data-widget_type=\"text-editor.default\">\n\t\t\t\t<div class=\"elementor-widget-container\">\n\t\t\t\t\t\t\t\t\t<h1>Imprint<\/h1>\t\t\t\t\t\t\t\t<\/div>\n\t\t\t\t<\/div>\n\t\t\t\t\t<\/div>\n\t\t<\/div>\n\t\t\t\t<div class=\"elementor-column elementor-col-50 elementor-top-column elementor-element elementor-element-19d1514 elementor-hidden-tablet elementor-hidden-phone\" data-id=\"19d1514\" data-element_type=\"column\" data-e-type=\"column\">\n\t\t\t<div class=\"elementor-widget-wrap\">\n\t\t\t\t\t\t\t<\/div>\n\t\t<\/div>\n\t\t\t\t\t<\/div>\n\t\t<\/section>\n\t\t\t\t<section class=\"elementor-section elementor-top-section elementor-element elementor-element-7393a2b3 elementor-section-boxed elementor-section-height-default elementor-section-height-default\" data-id=\"7393a2b3\" data-element_type=\"section\" data-e-type=\"section\">\n\t\t\t\t\t\t<div class=\"elementor-container elementor-column-gap-default\">\n\t\t\t\t\t<div class=\"elementor-column elementor-col-100 elementor-top-column elementor-element elementor-element-2d4bd522\" data-id=\"2d4bd522\" data-element_type=\"column\" data-e-type=\"column\">\n\t\t\t<div class=\"elementor-widget-wrap elementor-element-populated\">\n\t\t\t\t\t\t<div class=\"elementor-element elementor-element-49f9a3af elementor-widget elementor-widget-text-editor\" data-id=\"49f9a3af\" data-element_type=\"widget\" data-e-type=\"widget\" data-widget_type=\"text-editor.default\">\n\t\t\t\t<div class=\"elementor-widget-container\">\n\t\t\t\t\t\t\t\t\t<p>Responsible for the content of startupport.de:<\/p><h2>Address<\/h2><p>Hamburg Innovation GmbH<br>Harburger Schlo\u00dfstra\u00dfe 6-12<br>21079 Hamburg<\/p><p> <\/p><h4>represented by:<\/h4><p>represented by:<br>Johanna Gro\u00dfe-Lohmann &amp; Dr. Falko Brinkmann (management)<\/p><p><br>HRB 91249 Hamburg<br>UST-Id-No. DE 238 088 372 <\/p>\t\t\t\t\t\t\t\t<\/div>\n\t\t\t\t<\/div>\n\t\t\t\t\t<\/div>\n\t\t<\/div>\n\t\t\t\t\t<\/div>\n\t\t<\/section>\n\t\t\t\t<section class=\"elementor-section elementor-top-section elementor-element elementor-element-0dfd46d elementor-section-boxed elementor-section-height-default elementor-section-height-default\" data-id=\"0dfd46d\" data-element_type=\"section\" data-e-type=\"section\">\n\t\t\t\t\t\t<div class=\"elementor-container elementor-column-gap-default\">\n\t\t\t\t\t<div class=\"elementor-column elementor-col-100 elementor-top-column elementor-element elementor-element-f260925\" data-id=\"f260925\" data-element_type=\"column\" data-e-type=\"column\">\n\t\t\t<div class=\"elementor-widget-wrap\">\n\t\t\t\t\t\t\t<\/div>\n\t\t<\/div>\n\t\t\t\t\t<\/div>\n\t\t<\/section>\n\t\t\t\t<\/div>\n\t\t","protected":false},"excerpt":{"rendered":"<p>Imprint Responsible for the content of startupport.de: Address Hamburg Innovation GmbHHarburger Schlo\u00dfstra\u00dfe 6-1221079 Hamburg represented by: represented by:Johanna Gro\u00dfe-Lohmann &amp; Dr. Falko Brinkmann (management) HRB 91249 HamburgUST-Id-No. DE 238 088 372<\/p>\n","protected":false},"author":2,"featured_media":0,"parent":0,"menu_order":0,"comment_status":"closed","ping_status":"closed","template":"","meta":{"inline_featured_image":false,"_jet_sm_ready_style":"","_jet_sm_style":"","_jet_sm_controls_values":"","_jet_sm_fonts_collection":"","_jet_sm_fonts_links":"","footnotes":""},"zielgruppe":[],"angebote-seiten-kategorie":[],"haupt-thema":[],"class_list":["post-26971","page","type-page","status-publish","hentry"],"_links":{"self":[{"href":"https:\/\/startupport.de\/en\/wp-json\/wp\/v2\/pages\/26971","targetHints":{"allow":["GET"]}}],"collection":[{"href":"https:\/\/startupport.de\/en\/wp-json\/wp\/v2\/pages"}],"about":[{"href":"https:\/\/startupport.de\/en\/wp-json\/wp\/v2\/types\/page"}],"author":[{"embeddable":true,"href":"https:\/\/startupport.de\/en\/wp-json\/wp\/v2\/users\/2"}],"replies":[{"embeddable":true,"href":"https:\/\/startupport.de\/en\/wp-json\/wp\/v2\/comments?post=26971"}],"version-history":[{"count":8,"href":"https:\/\/startupport.de\/en\/wp-json\/wp\/v2\/pages\/26971\/revisions"}],"predecessor-version":[{"id":51350,"href":"https:\/\/startupport.de\/en\/wp-json\/wp\/v2\/pages\/26971\/revisions\/51350"}],"wp:attachment":[{"href":"https:\/\/startupport.de\/en\/wp-json\/wp\/v2\/media?parent=26971"}],"wp:term":[{"taxonomy":"zielgruppe","embeddable":true,"href":"https:\/\/startupport.de\/en\/wp-json\/wp\/v2\/zielgruppe?post=26971"},{"taxonomy":"angebote-seiten-kategorie","embeddable":true,"href":"https:\/\/startupport.de\/en\/wp-json\/wp\/v2\/angebote-seiten-kategorie?post=26971"},{"taxonomy":"haupt-thema","embeddable":true,"href":"https:\/\/startupport.de\/en\/wp-json\/wp\/v2\/haupt-thema?post=26971"}],"curies":[{"name":"wp","href":"https:\/\/api.w.org\/{rel}","templated":true}]}}